{"id":89,"date":"2020-07-10T11:11:34","date_gmt":"2020-07-10T11:11:34","guid":{"rendered":"https:\/\/demo.keonthemes.com\/gutener\/demo8\/?page_id=207"},"modified":"2024-06-03T05:17:09","modified_gmt":"2024-06-03T02:17:09","slug":"contact","status":"publish","type":"page","link":"https:\/\/mdggrup.com.tr\/en\/contact\/","title":{"rendered":"CONTACT US"},"content":{"rendered":"\n<section id=\"gmd2cc4e9\" class=\"wp-block-gutentor-m3 section-gmd2cc4e9 gutentor-module gutentor-container-cover has-image-bg has-custom-bg has-gutentor-overlay\"><div class=\"grid-container\">\n<div id=\"section-ga82edc\" class=\"wp-block-gutentor-e1 section-ga82edc gutentor-element gutentor-element-advanced-text text-align-center-desktop text-align-center-tablet text-align-center-mobile\"><div class=\"gutentor-text-wrap\"><h2 class=\"gutentor-text\">Contact Us<\/h2><\/div><\/div>\n<\/div><\/section>\n\n\n\n<section id=\"gm6bc41a6\" class=\"wp-block-gutentor-m3 section-gm6bc41a6 gutentor-module gutentor-container-cover\"><div class=\"grid-container\">\n<section id=\"gm24fa015\" class=\"wp-block-gutentor-m3 section-gm24fa015 gutentor-module gutentor-container-cover has-image-bg has-custom-bg\"><div class=\"grid-container gutentor-rm-ct-space-d gutentor-rm-ct-space\">\n<div id=\"section-g9e0aa9\" class=\"wp-block-gutentor-e1 section-g9e0aa9 gutentor-element gutentor-element-advanced-text text-align-center-desktop text-align-center-tablet text-align-center-mobile\"><div class=\"gutentor-text-wrap\"><h2 class=\"gutentor-text\">Contact Us<\/h2><\/div><\/div>\n\n\n\n<div id=\"section-g038e39\" class=\"wp-block-gutentor-e1 section-g038e39 gutentor-element gutentor-element-advanced-text text-align-center-desktop text-align-center-tablet text-align-center-mobile\"><div class=\"gutentor-text-wrap\"><p class=\"gutentor-text\">You can contact us for all your requests and suggestions.<\/p><\/div><\/div>\n\n\n\n<div id=\"section-g56f706\" class=\"wp-block-gutentor-e1 section-g56f706 gutentor-element gutentor-element-advanced-text text-align-center-desktop text-align-center-tablet text-align-center-mobile\"><div class=\"gutentor-text-wrap\"><h2 class=\"gutentor-text\">TURKEY<\/h2><\/div><\/div>\n\n\n\n<section id=\"section-880379ce-af9b-48e4-bb67-36001349dc13\" class=\"wp-block-gutentor-icon-box alignwide gutentor-section gutentor-icon-wrapper icon-template2\"><div class=\"grid-container gutentor-rm-ct-space-d\"><div class=\"grid-row gutentor-grid-item-wrap\"><div class=\"gutentor-grid-column grid-lg-4 grid-md-12 grid-12\"><div class=\"gutentor-single-item gutentor-icon gutentor-single-item-0\"><div class=\"gutentor-single-item-wrap\"><div class=\"gutentor-single-item-icon-box\"><i class=\"fas fa-phone\"><\/i><\/div><div class=\"gutentor-single-item-content\"><h3 class=\"gutentor-single-item-title\">Phone Number<\/h3><p class=\"gutentor-single-item-desc\">+90 312 236 40 20<br>.<\/p><\/div><\/div><\/div><\/div><div class=\"gutentor-grid-column grid-lg-4 grid-md-12 grid-12\"><div class=\"gutentor-single-item gutentor-icon gutentor-single-item-1\"><div class=\"gutentor-single-item-wrap\"><div class=\"gutentor-single-item-icon-box\"><i class=\"fas fa-map-marker-alt\"><\/i><\/div><div class=\"gutentor-single-item-content\"><h3 class=\"gutentor-single-item-title\">Address<\/h3><p class=\"gutentor-single-item-desc\"> \u00dcmit Mahallesi 2526.Sokak No: 30 \u00dcmitk\u00f6y \/ ANKARA<\/p><\/div><\/div><\/div><\/div><div class=\"gutentor-grid-column grid-lg-4 grid-md-12 grid-12\"><div class=\"gutentor-single-item gutentor-icon gutentor-single-item-2\"><div class=\"gutentor-single-item-wrap\"><div class=\"gutentor-single-item-icon-box\"><i class=\"fas fa-envelope\"><\/i><\/div><div class=\"gutentor-single-item-content\"><h3 class=\"gutentor-single-item-title\">E-Mail<\/h3><p class=\"gutentor-single-item-desc\">info@mdggrup.com.tr<br>www.mdggrup.com.tr<\/p><\/div><\/div><\/div><\/div><\/div><\/div><\/section>\n\n\n\n<div id=\"section-ge53167\" class=\"wp-block-gutentor-e1 section-ge53167 gutentor-element gutentor-element-advanced-text text-align-center-desktop text-align-center-tablet text-align-center-mobile\"><div class=\"gutentor-text-wrap\"><h2 class=\"gutentor-text\">U.S.A.<\/h2><\/div><\/div>\n\n\n\n<section id=\"section-63d922cf-3e94-45f8-8f5b-fefade029710\" class=\"wp-block-gutentor-icon-box alignwide gutentor-section gutentor-icon-wrapper icon-template2\"><div class=\"grid-container gutentor-rm-ct-space-d\"><div class=\"grid-row gutentor-grid-item-wrap\"><div class=\"gutentor-grid-column grid-lg-4 grid-md-12 grid-12\"><div class=\"gutentor-single-item gutentor-icon gutentor-single-item-0\"><div class=\"gutentor-single-item-wrap\"><div class=\"gutentor-single-item-icon-box\"><i class=\"fas fa-phone\"><\/i><\/div><div class=\"gutentor-single-item-content\"><h3 class=\"gutentor-single-item-title\">Phone Number<\/h3><p class=\"gutentor-single-item-desc\">+90 312 236 40 20<br>.<\/p><\/div><\/div><\/div><\/div><div class=\"gutentor-grid-column grid-lg-4 grid-md-12 grid-12\"><div class=\"gutentor-single-item gutentor-icon gutentor-single-item-1\"><div class=\"gutentor-single-item-wrap\"><div class=\"gutentor-single-item-icon-box\"><i class=\"fas fa-map-marker-alt\"><\/i><\/div><div class=\"gutentor-single-item-content\"><h3 class=\"gutentor-single-item-title\">Address<\/h3><p class=\"gutentor-single-item-desc\">11741 Metro Parkway , Suite 201 For Myers, FL 33966<\/p><\/div><\/div><\/div><\/div><div class=\"gutentor-grid-column grid-lg-4 grid-md-12 grid-12\"><div class=\"gutentor-single-item gutentor-icon gutentor-single-item-2\"><div class=\"gutentor-single-item-wrap\"><div class=\"gutentor-single-item-icon-box\"><i class=\"fas fa-envelope\"><\/i><\/div><div class=\"gutentor-single-item-content\"><h3 class=\"gutentor-single-item-title\">E-Mail<\/h3><p class=\"gutentor-single-item-desc\">eray@MDGBuilding.com<br>www.MDGBuilding.com<\/p><\/div><\/div><\/div><\/div><\/div><\/div><\/section>\n<\/div><\/section>\n<\/div><\/section>\n\n\n\n<section id=\"gd766ab\" class=\"wp-block-gutentor-m9 section-gd766ab gutentor-module gutentor-module-form-wrapper gutener-demo8-contact\"><div class=\"grid-container\"><p class=\"wpcf7-contact-form-not-found\"><strong>Hata:<\/strong> \u0130leti\u015fim formu bulunamad\u0131.<\/p><\/div><\/section>\n","protected":false},"excerpt":{"rendered":"","protected":false},"author":1,"featured_media":0,"parent":0,"menu_order":0,"comment_status":"closed","ping_status":"closed","template":"template-gutentor-full-width.php","meta":{"footnotes":""},"class_list":["post-89","page","type-page","status-publish","hentry"],"_links":{"self":[{"href":"https:\/\/mdggrup.com.tr\/en\/wp-json\/wp\/v2\/pages\/89","targetHints":{"allow":["GET"]}}],"collection":[{"href":"https:\/\/mdggrup.com.tr\/en\/wp-json\/wp\/v2\/pages"}],"about":[{"href":"https:\/\/mdggrup.com.tr\/en\/wp-json\/wp\/v2\/types\/page"}],"author":[{"embeddable":true,"href":"https:\/\/mdggrup.com.tr\/en\/wp-json\/wp\/v2\/users\/1"}],"replies":[{"embeddable":true,"href":"https:\/\/mdggrup.com.tr\/en\/wp-json\/wp\/v2\/comments?post=89"}],"version-history":[{"count":0,"href":"https:\/\/mdggrup.com.tr\/en\/wp-json\/wp\/v2\/pages\/89\/revisions"}],"wp:attachment":[{"href":"https:\/\/mdggrup.com.tr\/en\/wp-json\/wp\/v2\/media?parent=89"}],"curies":[{"name":"wp","href":"https:\/\/api.w.org\/{rel}","templated":true}]}}